{"id":1026,"date":"2025-04-13T12:32:26","date_gmt":"2025-04-13T10:32:26","guid":{"rendered":"https:\/\/edfcanada.ca\/?page_id=1026"},"modified":"2025-05-02T19:42:20","modified_gmt":"2025-05-02T23:42:20","slug":"ressources","status":"publish","type":"page","link":"https:\/\/edfcanada.ca\/en\/ressources\/","title":{"rendered":"Resources"},"content":{"rendered":"<div data-elementor-type=\"wp-page\" data-elementor-id=\"1026\" class=\"elementor elementor-1026\" data-elementor-post-type=\"page\">\n\t\t\t\t<div class=\"elementor-element elementor-element-0c18f6e e-flex e-con-boxed e-con e-parent\" data-id=\"0c18f6e\" data-element_type=\"container\" data-e-type=\"container\">\n\t\t\t\t\t<div class=\"e-con-inner\">\n\t\t\t\t<div class=\"elementor-element elementor-element-e43bbbd elementor-widget elementor-widget-text-editor\" data-id=\"e43bbbd\" data-element_type=\"widget\" data-e-type=\"widget\" data-widget_type=\"text-editor.default\">\n\t\t\t\t<div class=\"elementor-widget-container\">\n\t\t\t\t\t\t\t\t\t<p class=\"translation-block\">Explore your Resource Hub, designed to nurture, support, and strengthen family bonds. Whether you're a parent, in a couple, a family member, or a support person, this space offers guidance, practical tools, and inspiration to enrich your daily relational and emotional life.<\/p><p class=\"translation-block\">Browse our blog articles, videos and webinars, downloadable guides, family testimonials, photo gallery, and our FAQ. You'll also find reliable institutional resources that we can refer you to based on your needs. Each resource is carefully selected, drawing from our field experience.<\/p><p class=\"translation-block\">This space is dynamic and collaborative: come back regularly to discover new content, and don't hesitate to suggest useful resources to share with the community. Together, let's build a mutual support space serving families.<\/p>\t\t\t\t\t\t\t\t<\/div>\n\t\t\t\t<\/div>\n\t\t\t\t\t<\/div>\n\t\t\t\t<\/div>\n\t\t<div class=\"elementor-element elementor-element-2c456aac e-flex e-con-boxed e-con e-parent\" data-id=\"2c456aac\" data-element_type=\"container\" data-e-type=\"container\">\n\t\t\t\t\t<div class=\"e-con-inner\">\n\t\t<div class=\"elementor-element elementor-element-7cb8eaf6 e-con-full e-flex e-con e-child\" data-id=\"7cb8eaf6\" data-element_type=\"container\" data-e-type=\"container\">\n\t\t\t\t<div class=\"elementor-element elementor-element-ed0d9bd elementor-widget elementor-widget-image\" data-id=\"ed0d9bd\" data-element_type=\"widget\" data-e-type=\"widget\" data-widget_type=\"image.default\">\n\t\t\t\t<div class=\"elementor-widget-container\">\n\t\t\t\t\t\t\t\t\t\t\t\t\t\t\t<img fetchpriority=\"high\" decoding=\"async\" width=\"612\" height=\"318\" src=\"https:\/\/edfcanada.ca\/wp-content\/uploads\/2025\/04\/blog.jpg\" class=\"attachment-large size-large wp-image-2193\" alt=\"blog\" srcset=\"https:\/\/edfcanada.ca\/wp-content\/uploads\/2025\/04\/blog.jpg 612w, https:\/\/edfcanada.ca\/wp-content\/uploads\/2025\/04\/blog-300x156.jpg 300w\" sizes=\"(max-width: 612px) 100vw, 612px\" \/>\t\t\t\t\t\t\t\t\t\t\t\t\t\t\t<\/div>\n\t\t\t\t<\/div>\n\t\t\t\t<div class=\"elementor-element elementor-element-68f3e190 oew-align-justify elementor-widget elementor-widget-oew-button-effects\" data-id=\"68f3e190\" data-element_type=\"widget\" data-e-type=\"widget\" data-widget_type=\"oew-button-effects.default\">\n\t\t\t\t<div class=\"elementor-widget-container\">\n\t\t\t\t\t\n\n\t\t<div class=\"oew-button oew-btn-effect-1\">\n\t\t\t<a href=\"https:\/\/edfcanada.ca\/en\/blog\/\" class=\"oew-link\">\n\t\t\t\t\n\t\t\t\t<span>Blog <\/span>\n\n\t\t\t\t\t\t\t<\/a>\n\t\t<\/div>\n\n\t\t\t\t\t\t<\/div>\n\t\t\t\t<\/div>\n\t\t\t\t<\/div>\n\t\t<div class=\"elementor-element elementor-element-2312c01e e-con-full e-flex e-con e-child\" data-id=\"2312c01e\" data-element_type=\"container\" data-e-type=\"container\">\n\t\t\t\t<div class=\"elementor-element elementor-element-31bb961 elementor-widget elementor-widget-image\" data-id=\"31bb961\" data-element_type=\"widget\" data-e-type=\"widget\" data-widget_type=\"image.default\">\n\t\t\t\t<div class=\"elementor-widget-container\">\n\t\t\t\t\t\t\t\t\t\t\t\t\t\t\t<img decoding=\"async\" width=\"612\" height=\"318\" src=\"https:\/\/edfcanada.ca\/wp-content\/uploads\/2025\/04\/telecharger.jpg\" class=\"attachment-large size-large wp-image-1488\" alt=\"\" srcset=\"https:\/\/edfcanada.ca\/wp-content\/uploads\/2025\/04\/telecharger.jpg 612w, https:\/\/edfcanada.ca\/wp-content\/uploads\/2025\/04\/telecharger-300x156.jpg 300w\" sizes=\"(max-width: 612px) 100vw, 612px\" \/>\t\t\t\t\t\t\t\t\t\t\t\t\t\t\t<\/div>\n\t\t\t\t<\/div>\n\t\t\t\t<div class=\"elementor-element elementor-element-3f42bc5 oew-align-justify elementor-widget elementor-widget-oew-button-effects\" data-id=\"3f42bc5\" data-element_type=\"widget\" data-e-type=\"widget\" data-widget_type=\"oew-button-effects.default\">\n\t\t\t\t<div class=\"elementor-widget-container\">\n\t\t\t\t\t\n\n\t\t<div class=\"oew-button oew-btn-effect-1\">\n\t\t\t<a href=\"https:\/\/edfcanada.ca\/en\/documents-a-telecharger\/\" class=\"oew-link\">\n\t\t\t\t\n\t\t\t\t<span>Documents to download <\/span>\n\n\t\t\t\t\t\t\t<\/a>\n\t\t<\/div>\n\n\t\t\t\t\t\t<\/div>\n\t\t\t\t<\/div>\n\t\t\t\t<\/div>\n\t\t\t\t\t<\/div>\n\t\t\t\t<\/div>\n\t\t<div class=\"elementor-element elementor-element-f6cee83 e-flex e-con-boxed e-con e-parent\" data-id=\"f6cee83\" data-element_type=\"container\" data-e-type=\"container\">\n\t\t\t\t\t<div class=\"e-con-inner\">\n\t\t<div class=\"elementor-element elementor-element-22be0d0 e-con-full e-flex e-con e-child\" data-id=\"22be0d0\" data-element_type=\"container\" data-e-type=\"container\">\n\t\t\t\t<div class=\"elementor-element elementor-element-d637400 elementor-widget elementor-widget-image\" data-id=\"d637400\" data-element_type=\"widget\" data-e-type=\"widget\" data-widget_type=\"image.default\">\n\t\t\t\t<div class=\"elementor-widget-container\">\n\t\t\t\t\t\t\t\t\t\t\t\t\t\t\t<img decoding=\"async\" width=\"612\" height=\"318\" src=\"https:\/\/edfcanada.ca\/wp-content\/uploads\/2025\/05\/edf-webinaire.jpg\" class=\"attachment-large size-large wp-image-2796\" alt=\"edf-webinaire\" srcset=\"https:\/\/edfcanada.ca\/wp-content\/uploads\/2025\/05\/edf-webinaire.jpg 612w, https:\/\/edfcanada.ca\/wp-content\/uploads\/2025\/05\/edf-webinaire-300x156.jpg 300w, https:\/\/edfcanada.ca\/wp-content\/uploads\/2025\/05\/edf-webinaire-18x9.jpg 18w\" sizes=\"(max-width: 612px) 100vw, 612px\" \/>\t\t\t\t\t\t\t\t\t\t\t\t\t\t\t<\/div>\n\t\t\t\t<\/div>\n\t\t\t\t<div class=\"elementor-element elementor-element-b14ec8a oew-align-justify elementor-widget elementor-widget-oew-button-effects\" data-id=\"b14ec8a\" data-element_type=\"widget\" data-e-type=\"widget\" data-widget_type=\"oew-button-effects.default\">\n\t\t\t\t<div class=\"elementor-widget-container\">\n\t\t\t\t\t\n\n\t\t<div class=\"oew-button oew-btn-effect-1\">\n\t\t\t<a href=\"https:\/\/edfcanada.ca\/en\/videos-webinaires\/\" class=\"oew-link\">\n\t\t\t\t\n\t\t\t\t<span>Videos &amp; webinars<\/span>\n\n\t\t\t\t\t\t\t<\/a>\n\t\t<\/div>\n\n\t\t\t\t\t\t<\/div>\n\t\t\t\t<\/div>\n\t\t\t\t<\/div>\n\t\t<div class=\"elementor-element elementor-element-69d8b08 e-con-full e-flex e-con e-child\" data-id=\"69d8b08\" data-element_type=\"container\" data-e-type=\"container\">\n\t\t\t\t<div class=\"elementor-element elementor-element-2ecf057 elementor-widget elementor-widget-image\" data-id=\"2ecf057\" data-element_type=\"widget\" data-e-type=\"widget\" data-widget_type=\"image.default\">\n\t\t\t\t<div class=\"elementor-widget-container\">\n\t\t\t\t\t\t\t\t\t\t\t\t\t\t\t<img loading=\"lazy\" decoding=\"async\" width=\"612\" height=\"318\" src=\"https:\/\/edfcanada.ca\/wp-content\/uploads\/2025\/05\/edf-galerie.jpg\" class=\"attachment-large size-large wp-image-2800\" alt=\"\" srcset=\"https:\/\/edfcanada.ca\/wp-content\/uploads\/2025\/05\/edf-galerie.jpg 612w, https:\/\/edfcanada.ca\/wp-content\/uploads\/2025\/05\/edf-galerie-300x156.jpg 300w, https:\/\/edfcanada.ca\/wp-content\/uploads\/2025\/05\/edf-galerie-18x9.jpg 18w\" sizes=\"(max-width: 612px) 100vw, 612px\" \/>\t\t\t\t\t\t\t\t\t\t\t\t\t\t\t<\/div>\n\t\t\t\t<\/div>\n\t\t\t\t<div class=\"elementor-element elementor-element-5d9c63a oew-align-justify elementor-widget elementor-widget-oew-button-effects\" data-id=\"5d9c63a\" data-element_type=\"widget\" data-e-type=\"widget\" data-widget_type=\"oew-button-effects.default\">\n\t\t\t\t<div class=\"elementor-widget-container\">\n\t\t\t\t\t\n\n\t\t<div class=\"oew-button oew-btn-effect-1\">\n\t\t\t<a href=\"https:\/\/edfcanada.ca\/en\/galerie-photo\/\" class=\"oew-link\">\n\t\t\t\t\n\t\t\t\t<span>Photo gallery<\/span>\n\n\t\t\t\t\t\t\t<\/a>\n\t\t<\/div>\n\n\t\t\t\t\t\t<\/div>\n\t\t\t\t<\/div>\n\t\t\t\t<\/div>\n\t\t\t\t\t<\/div>\n\t\t\t\t<\/div>\n\t\t<div class=\"elementor-element elementor-element-4509c12 e-flex e-con-boxed e-con e-parent\" data-id=\"4509c12\" data-element_type=\"container\" data-e-type=\"container\">\n\t\t\t\t\t<div class=\"e-con-inner\">\n\t\t<div class=\"elementor-element elementor-element-88383e0 e-con-full e-flex e-con e-child\" data-id=\"88383e0\" data-element_type=\"container\" data-e-type=\"container\">\n\t\t\t\t<div class=\"elementor-element elementor-element-aa57dac elementor-widget elementor-widget-image\" data-id=\"aa57dac\" data-element_type=\"widget\" data-e-type=\"widget\" data-widget_type=\"image.default\">\n\t\t\t\t<div class=\"elementor-widget-container\">\n\t\t\t\t\t\t\t\t\t\t\t\t\t\t\t<img loading=\"lazy\" decoding=\"async\" width=\"612\" height=\"318\" src=\"https:\/\/edfcanada.ca\/wp-content\/uploads\/2025\/04\/quiz-1.jpg\" class=\"attachment-large size-large wp-image-1492\" alt=\"quiz\" srcset=\"https:\/\/edfcanada.ca\/wp-content\/uploads\/2025\/04\/quiz-1.jpg 612w, https:\/\/edfcanada.ca\/wp-content\/uploads\/2025\/04\/quiz-1-300x156.jpg 300w\" sizes=\"(max-width: 612px) 100vw, 612px\" \/>\t\t\t\t\t\t\t\t\t\t\t\t\t\t\t<\/div>\n\t\t\t\t<\/div>\n\t\t\t\t<div class=\"elementor-element elementor-element-c55fe7c oew-align-justify elementor-widget elementor-widget-oew-button-effects\" data-id=\"c55fe7c\" data-element_type=\"widget\" data-e-type=\"widget\" data-widget_type=\"oew-button-effects.default\">\n\t\t\t\t<div class=\"elementor-widget-container\">\n\t\t\t\t\t\n\n\t\t<div class=\"oew-button oew-btn-effect-1\">\n\t\t\t<a href=\"https:\/\/edfcanada.ca\/en\/quiz\/\" class=\"oew-link\">\n\t\t\t\t\n\t\t\t\t<span>Quiz<\/span>\n\n\t\t\t\t\t\t\t<\/a>\n\t\t<\/div>\n\n\t\t\t\t\t\t<\/div>\n\t\t\t\t<\/div>\n\t\t\t\t<\/div>\n\t\t<div class=\"elementor-element elementor-element-51678a7 e-con-full e-flex e-con e-child\" data-id=\"51678a7\" data-element_type=\"container\" data-e-type=\"container\">\n\t\t\t\t<div class=\"elementor-element elementor-element-dd2faa9 elementor-widget elementor-widget-image\" data-id=\"dd2faa9\" data-element_type=\"widget\" data-e-type=\"widget\" data-widget_type=\"image.default\">\n\t\t\t\t<div class=\"elementor-widget-container\">\n\t\t\t\t\t\t\t\t\t\t\t\t\t\t\t<img loading=\"lazy\" decoding=\"async\" width=\"612\" height=\"318\" src=\"https:\/\/edfcanada.ca\/wp-content\/uploads\/2025\/05\/lexique.jpg\" class=\"attachment-large size-large wp-image-2805\" alt=\"lexique\" srcset=\"https:\/\/edfcanada.ca\/wp-content\/uploads\/2025\/05\/lexique.jpg 612w, https:\/\/edfcanada.ca\/wp-content\/uploads\/2025\/05\/lexique-300x156.jpg 300w, https:\/\/edfcanada.ca\/wp-content\/uploads\/2025\/05\/lexique-18x9.jpg 18w\" sizes=\"(max-width: 612px) 100vw, 612px\" \/>\t\t\t\t\t\t\t\t\t\t\t\t\t\t\t<\/div>\n\t\t\t\t<\/div>\n\t\t\t\t<div class=\"elementor-element elementor-element-1a42a12 oew-align-justify elementor-widget elementor-widget-oew-button-effects\" data-id=\"1a42a12\" data-element_type=\"widget\" data-e-type=\"widget\" data-widget_type=\"oew-button-effects.default\">\n\t\t\t\t<div class=\"elementor-widget-container\">\n\t\t\t\t\t\n\n\t\t<div class=\"oew-button oew-btn-effect-1\">\n\t\t\t<a href=\"https:\/\/edfcanada.ca\/en\/lexique\/\" class=\"oew-link\">\n\t\t\t\t\n\t\t\t\t<span>Glossary<\/span>\n\n\t\t\t\t\t\t\t<\/a>\n\t\t<\/div>\n\n\t\t\t\t\t\t<\/div>\n\t\t\t\t<\/div>\n\t\t\t\t<\/div>\n\t\t\t\t\t<\/div>\n\t\t\t\t<\/div>\n\t\t<div class=\"elementor-element elementor-element-72d66dc e-flex e-con-boxed e-con e-parent\" data-id=\"72d66dc\" data-element_type=\"container\" data-e-type=\"container\">\n\t\t\t\t\t<div class=\"e-con-inner\">\n\t\t<div class=\"elementor-element elementor-element-7dd240d e-con-full e-flex e-con e-child\" data-id=\"7dd240d\" data-element_type=\"container\" data-e-type=\"container\">\n\t\t\t\t<div class=\"elementor-element elementor-element-9601f50 elementor-widget elementor-widget-image\" data-id=\"9601f50\" data-element_type=\"widget\" data-e-type=\"widget\" data-widget_type=\"image.default\">\n\t\t\t\t<div class=\"elementor-widget-container\">\n\t\t\t\t\t\t\t\t\t\t\t\t\t\t\t<img loading=\"lazy\" decoding=\"async\" width=\"612\" height=\"318\" src=\"https:\/\/edfcanada.ca\/wp-content\/uploads\/2025\/04\/faqs-2.jpg\" class=\"attachment-large size-large wp-image-1512\" alt=\"faqs\" srcset=\"https:\/\/edfcanada.ca\/wp-content\/uploads\/2025\/04\/faqs-2.jpg 612w, https:\/\/edfcanada.ca\/wp-content\/uploads\/2025\/04\/faqs-2-300x156.jpg 300w\" sizes=\"(max-width: 612px) 100vw, 612px\" \/>\t\t\t\t\t\t\t\t\t\t\t\t\t\t\t<\/div>\n\t\t\t\t<\/div>\n\t\t\t\t<div class=\"elementor-element elementor-element-46ebf16 oew-align-justify elementor-widget elementor-widget-oew-button-effects\" data-id=\"46ebf16\" data-element_type=\"widget\" data-e-type=\"widget\" data-widget_type=\"oew-button-effects.default\">\n\t\t\t\t<div class=\"elementor-widget-container\">\n\t\t\t\t\t\n\n\t\t<div class=\"oew-button oew-btn-effect-1\">\n\t\t\t<a href=\"https:\/\/edfcanada.ca\/en\/faqs\/\" class=\"oew-link\">\n\t\t\t\t\n\t\t\t\t<span>Frequently asked questions (FAQs)<\/span>\n\n\t\t\t\t\t\t\t<\/a>\n\t\t<\/div>\n\n\t\t\t\t\t\t<\/div>\n\t\t\t\t<\/div>\n\t\t\t\t<\/div>\n\t\t<div class=\"elementor-element elementor-element-a6d07cd e-con-full e-flex e-con e-child\" data-id=\"a6d07cd\" data-element_type=\"container\" data-e-type=\"container\">\n\t\t\t\t<div class=\"elementor-element elementor-element-8af226a elementor-widget elementor-widget-image\" data-id=\"8af226a\" data-element_type=\"widget\" data-e-type=\"widget\" data-widget_type=\"image.default\">\n\t\t\t\t<div class=\"elementor-widget-container\">\n\t\t\t\t\t\t\t\t\t\t\t\t\t\t\t<img loading=\"lazy\" decoding=\"async\" width=\"612\" height=\"318\" src=\"https:\/\/edfcanada.ca\/wp-content\/uploads\/2025\/05\/Temoignage.jpg\" class=\"attachment-large size-large wp-image-2835\" alt=\"T\u00e9moignage\" srcset=\"https:\/\/edfcanada.ca\/wp-content\/uploads\/2025\/05\/Temoignage.jpg 612w, https:\/\/edfcanada.ca\/wp-content\/uploads\/2025\/05\/Temoignage-300x156.jpg 300w, https:\/\/edfcanada.ca\/wp-content\/uploads\/2025\/05\/Temoignage-18x9.jpg 18w\" sizes=\"(max-width: 612px) 100vw, 612px\" \/>\t\t\t\t\t\t\t\t\t\t\t\t\t\t\t<\/div>\n\t\t\t\t<\/div>\n\t\t\t\t<div class=\"elementor-element elementor-element-e411d54 oew-align-justify elementor-widget elementor-widget-oew-button-effects\" data-id=\"e411d54\" data-element_type=\"widget\" data-e-type=\"widget\" data-widget_type=\"oew-button-effects.default\">\n\t\t\t\t<div class=\"elementor-widget-container\">\n\t\t\t\t\t\n\n\t\t<div class=\"oew-button oew-btn-effect-1\">\n\t\t\t<a href=\"https:\/\/edfcanada.ca\/en\/temoignages-histoires-de-familles\/\" class=\"oew-link\">\n\t\t\t\t\n\t\t\t\t<span>Family Stories &amp; Testimonials<\/span>\n\n\t\t\t\t\t\t\t<\/a>\n\t\t<\/div>\n\n\t\t\t\t\t\t<\/div>\n\t\t\t\t<\/div>\n\t\t\t\t<\/div>\n\t\t\t\t\t<\/div>\n\t\t\t\t<\/div>\n\t\t\t\t<\/div>","protected":false},"excerpt":{"rendered":"<p>D\u00e9couvrez votre Espace Ressources, pens\u00e9 pour nourrir, soutenir et renforcer le lien familial. Que vous soyez parent, en couple, membre d\u2019une famille ou accompagnant, cet espace vous propose des rep\u00e8res, des outils concrets et des inspirations pour enrichir votre quotidien relationnel et \u00e9motionnel. Parcourez nos articles de blog, vid\u00e9os et webinaires, guides \u00e0 t\u00e9l\u00e9charger, t\u00e9moignages [&hellip;]<\/p>\n","protected":false},"author":3,"featured_media":0,"parent":0,"menu_order":0,"comment_status":"closed","ping_status":"closed","template":"elementor_header_footer","meta":{"ocean_post_layout":"","ocean_both_sidebars_style":"","ocean_both_sidebars_content_width":0,"ocean_both_sidebars_sidebars_width":0,"ocean_sidebar":"","ocean_second_sidebar":"","ocean_disable_margins":"enable","ocean_add_body_class":"","ocean_shortcode_before_top_bar":"","ocean_shortcode_after_top_bar":"","ocean_shortcode_before_header":"","ocean_shortcode_after_header":"","ocean_has_shortcode":"","ocean_shortcode_after_title":"","ocean_shortcode_before_footer_widgets":"","ocean_shortcode_after_footer_widgets":"","ocean_shortcode_before_footer_bottom":"","ocean_shortcode_after_footer_bottom":"","ocean_display_top_bar":"default","ocean_display_header":"default","ocean_header_style":"","ocean_center_header_left_menu":"","ocean_custom_header_template":"","ocean_custom_logo":0,"ocean_custom_retina_logo":0,"ocean_custom_logo_max_width":0,"ocean_custom_logo_tablet_max_width":0,"ocean_custom_logo_mobile_max_width":0,"ocean_custom_logo_max_height":0,"ocean_custom_logo_tablet_max_height":0,"ocean_custom_logo_mobile_max_height":0,"ocean_header_custom_menu":"","ocean_menu_typo_font_family":"","ocean_menu_typo_font_subset":"","ocean_menu_typo_font_size":0,"ocean_menu_typo_font_size_tablet":0,"ocean_menu_typo_font_size_mobile":0,"ocean_menu_typo_font_size_unit":"px","ocean_menu_typo_font_weight":"","ocean_menu_typo_font_weight_tablet":"","ocean_menu_typo_font_weight_mobile":"","ocean_menu_typo_transform":"","ocean_menu_typo_transform_tablet":"","ocean_menu_typo_transform_mobile":"","ocean_menu_typo_line_height":0,"ocean_menu_typo_line_height_tablet":0,"ocean_menu_typo_line_height_mobile":0,"ocean_menu_typo_line_height_unit":"","ocean_menu_typo_spacing":0,"ocean_menu_typo_spacing_tablet":0,"ocean_menu_typo_spacing_mobile":0,"ocean_menu_typo_spacing_unit":"","ocean_menu_link_color":"","ocean_menu_link_color_hover":"","ocean_menu_link_color_active":"","ocean_menu_link_background":"","ocean_menu_link_hover_background":"","ocean_menu_link_active_background":"","ocean_menu_social_links_bg":"","ocean_menu_social_hover_links_bg":"","ocean_menu_social_links_color":"","ocean_menu_social_hover_links_color":"","ocean_disable_title":"default","ocean_disable_heading":"default","ocean_post_title":"","ocean_post_subheading":"","ocean_post_title_style":"","ocean_post_title_background_color":"","ocean_post_title_background":0,"ocean_post_title_bg_image_position":"","ocean_post_title_bg_image_attachment":"","ocean_post_title_bg_image_repeat":"","ocean_post_title_bg_image_size":"","ocean_post_title_height":0,"ocean_post_title_bg_overlay":0.5,"ocean_post_title_bg_overlay_color":"","ocean_disable_breadcrumbs":"default","ocean_breadcrumbs_color":"","ocean_breadcrumbs_separator_color":"","ocean_breadcrumbs_links_color":"","ocean_breadcrumbs_links_hover_color":"","ocean_display_footer_widgets":"default","ocean_display_footer_bottom":"default","ocean_custom_footer_template":"","osh_disable_topbar_sticky":"default","osh_disable_header_sticky":"default","osh_sticky_header_style":"default","osh_sticky_header_effect":"","osh_custom_sticky_logo":0,"osh_custom_retina_sticky_logo":0,"osh_custom_sticky_logo_height":0,"osh_background_color":"","osh_links_color":"","osh_links_hover_color":"","osh_links_active_color":"","osh_links_bg_color":"","osh_links_hover_bg_color":"","osh_links_active_bg_color":"","osh_menu_social_links_color":"","osh_menu_social_hover_links_color":"","footnotes":""},"class_list":["post-1026","page","type-page","status-publish","hentry","entry"],"_links":{"self":[{"href":"https:\/\/edfcanada.ca\/en\/wp-json\/wp\/v2\/pages\/1026","targetHints":{"allow":["GET"]}}],"collection":[{"href":"https:\/\/edfcanada.ca\/en\/wp-json\/wp\/v2\/pages"}],"about":[{"href":"https:\/\/edfcanada.ca\/en\/wp-json\/wp\/v2\/types\/page"}],"author":[{"embeddable":true,"href":"https:\/\/edfcanada.ca\/en\/wp-json\/wp\/v2\/users\/3"}],"replies":[{"embeddable":true,"href":"https:\/\/edfcanada.ca\/en\/wp-json\/wp\/v2\/comments?post=1026"}],"version-history":[{"count":130,"href":"https:\/\/edfcanada.ca\/en\/wp-json\/wp\/v2\/pages\/1026\/revisions"}],"predecessor-version":[{"id":2838,"href":"https:\/\/edfcanada.ca\/en\/wp-json\/wp\/v2\/pages\/1026\/revisions\/2838"}],"wp:attachment":[{"href":"https:\/\/edfcanada.ca\/en\/wp-json\/wp\/v2\/media?parent=1026"}],"curies":[{"name":"wp","href":"https:\/\/api.w.org\/{rel}","templated":true}]}}