{"id":1661,"date":"2025-04-16T22:58:03","date_gmt":"2025-04-17T02:58:03","guid":{"rendered":"https:\/\/edfcanada.ca\/?page_id=1661"},"modified":"2025-04-17T00:33:13","modified_gmt":"2025-04-17T04:33:13","slug":"blog","status":"publish","type":"page","link":"https:\/\/edfcanada.ca\/en\/blog\/","title":{"rendered":"Blog"},"content":{"rendered":"<div data-elementor-type=\"wp-page\" data-elementor-id=\"1661\" class=\"elementor elementor-1661\" data-elementor-post-type=\"page\">\n\t\t\t\t<div class=\"elementor-element elementor-element-d34187e e-flex e-con-boxed e-con e-parent\" data-id=\"d34187e\" data-element_type=\"container\" data-e-type=\"container\">\n\t\t\t\t\t<div class=\"e-con-inner\">\n\t\t\t\t<div class=\"elementor-element elementor-element-9bd6e7c elementor-widget elementor-widget-ucaddon_post_list\" data-id=\"9bd6e7c\" data-element_type=\"widget\" data-e-type=\"widget\" data-widget_type=\"ucaddon_post_list.default\">\n\t\t\t\t<div class=\"elementor-widget-container\">\n\t\t\t\t\t\n<!-- start Post List -->\n\t\t<link id='font-awesome-css' href='https:\/\/edfcanada.ca\/wp-content\/plugins\/unlimited-elements-for-elementor\/assets_libraries\/font-awesome6\/fontawesome-all.min.css' type='text\/css' rel='stylesheet' >\n\t\t<link id='font-awesome-4-shim-css' href='https:\/\/edfcanada.ca\/wp-content\/plugins\/unlimited-elements-for-elementor\/assets_libraries\/font-awesome6\/fontawesome-v4-shims.min.css' type='text\/css' rel='stylesheet' >\n\n<style>\/* widget: Post List *\/\n\n\r\n@keyframes uc_post_list_elementor_9bd6e7c__item-animation {\r\n  0% {\r\n            \r\n        \t        \tfilter: blur(10px);\r\n\t\t\t\r\n    \t    opacity: 0;\r\n  }\r\n  100% {\r\n            \r\n        \t            filter: blur(0px);\r\n            \r\n    \t\topacity: 1;\r\n  }\r\n}\r\n\r\n\r\n#uc_post_list_elementor_9bd6e7c .uc_post_list_box{\r\n\topacity:0;\r\n}\r\n\r\n\r\n#uc_post_list_elementor_9bd6e7c .uc-entrance-animate {\r\n  opacity:1;\r\n}\r\n\r\n#uc_post_list_elementor_9bd6e7c .uc-entrance-animate {\r\n\tanimation: uc_post_list_elementor_9bd6e7c__item-animation 0.6s cubic-bezier(0.470, 0.000, 0.745, 0.715) both;\r\n}\r\n\r\n\t\t\t\n\n#uc_post_list_elementor_9bd6e7c{\n  display:grid;\n}\n\n#uc_post_list_elementor_9bd6e7c .uc_post_list_image div{\n  background-size:cover;\n  background-position:center;\n}\n\n.uc_post_list .uc_post_list_box{\n\tposition: relative;\n\toverflow: hidden;\n\tdisplay: flex;\n}\n\n#uc_post_list_elementor_9bd6e7c .uc_post_list_image{\n  flex-grow:0;\n  flex-shrink:0;\n  overflow: hidden;\n}\n\n#uc_post_list_elementor_9bd6e7c .uc_post_list_image img{\n  width:100%;\n  height:100%;\n  display:block;\n  transition:0.3s;  \n  position: relative;\n  z-index: 1;\n}\n\n.uc_post_list_title a{\n    position: relative;\n    z-index: 1;\n\tcolor: #333333;\n    display: block;\n}\n\n.uc_post_list_date{\n\tfont-size: 12px;\n}\n\n#uc_post_list_elementor_9bd6e7c .uc_post_list_content{\n  display:flex;\n  flex-direction:column;\n  flex:1;\n}\n\n#uc_post_list_elementor_9bd6e7c .uc_more_btn{\n  text-align:center;\n  text-decoration:none;\n  transition:0.3s;\n  position: relative;\n  z-index: 1;\n}\n\n#uc_post_list_elementor_9bd6e7c .button-on-side{\n  display:flex;\n  align-items:center;\n}\n\n#uc_post_list_elementor_9bd6e7c .ue-grid-item-category{\n  display: flex;\n  align-items: center;\n}\n\n.ue-grid-item-category a{\n  display:inline-block;\n  font-size:10px;\n  text-transform:uppercase;\n  white-space: nowrap;\n}\n\n#uc_post_list_elementor_9bd6e7c .ue-meta-data{  \n  display:flex;\n  flex-wrap: wrap;\n  line-height:1em;\n}\n\n#uc_post_list_elementor_9bd6e7c .ue-grid-item-meta-data{\n      display:inline-flex;\n      align-items:center;\n}\n\n.ue-grid-item-meta-data{\n  font-size:12px;\n}\n\n#uc_post_list_elementor_9bd6e7c .ue-grid-item-meta-data-icon{\n  line-height:1em;\n}\n\n#uc_post_list_elementor_9bd6e7c .ue-grid-item-meta-data-icon svg{\n  width:1em;\n  height:1em;\n} \n\n#uc_post_list_elementor_9bd6e7c .ue-debug-meta{\n  padding:10px;\n  border:1px solid red;\n  position:relative;\n  line-height:1.5em;\n  font-size:11px;\n  width:100%;\n}\n\n.uc-remote-parent .uc_post_list_box{\n\tcursor:pointer;\n}\n\n#uc_post_list_elementor_9bd6e7c .ue-post-link-overlay{\n  display:block;\n  position:absolute;\n  top:0;\n  bottom:0;\n  right:0;\n  left:0;\n}\n\n\n\n\n<\/style>\n\n<div class=\"uc_post_list uc-items-wrapper uc-filterable-grid\" id=\"uc_post_list_elementor_9bd6e7c\"  data-ajax='true'  data-filterbehave='ajax'  querydata='{&quot;count_posts&quot;:6,&quot;total_posts&quot;:6,&quot;page&quot;:1,&quot;num_pages&quot;:1}' >    \t\n  <div class=\"uc_post_list_box\" data-category=\"Article\">\n  \n  \t    <div class=\"uc_post_list_image\">\n      <a href=\"https:\/\/edfcanada.ca\/en\/le-dialogue-intergenerationnel-un-imperatif-pour-une-societe-plus-humaine\/\" target=\"_self\" title=\"Intergenerational dialogue: an imperative for a more humane society?\">\n          \n            <img loading=\"lazy\" decoding=\"async\" src=\"https:\/\/edfcanada.ca\/wp-content\/uploads\/2025\/04\/dialogue-intergenerationnel-768x512.jpg\"  alt=\"dialogue interge\u0301ne\u0301rationnel\" width=\"768\" height=\"512\">\n        \t        \n      <\/a>\n    <\/div>\n  \t\t\n  \n    <div class=\"uc_post_list_content\">\n      <div class=\"uc_post_list_content_inside\">\n        \n                        \n                  \t                  \n          <div class=\"ue-grid-item-category\">\n                          <a href=\"https:\/\/edfcanada.ca\/en\/category\/article\/\" target=\"_self\">Article<\/a>\n                      <\/div>\n        \n                \n             \n        <div class=\"uc_post_list_title\"><a target=\"_self\" href=\"https:\/\/edfcanada.ca\/en\/le-dialogue-intergenerationnel-un-imperatif-pour-une-societe-plus-humaine\/\" title=\"Intergenerational dialogue: an imperative for a more humane society?\">Intergenerational dialogue: an imperative for a more humane society?<\/a><\/div>                 \n        <div class=\"ue-meta-data\">\n  <div class=\"ue-grid-item-meta-data\"><span class=\"ue-grid-item-meta-data-icon\"><i class='fas fa-calendar-week'><\/i><\/span>  30\/04\/2025<\/div>               \n    <div class=\"ue-grid-item-meta-data\"><span class=\"ue-grid-item-meta-data-icon\"><i class='fas fa-user'><\/i><\/span>   EDF Canada<\/div>            \n            \n              \n              \n  \n      \n<\/div>      \n               \n        <div class=\"uc_post_content\">And if to speak with a person from another generation could transform us in-depth ? In a...<\/div>                          \n                \n      <\/div>\n    <\/div>\n     \n            <div class=\"button-on-side\"><a target=\"_self\" href='https:\/\/edfcanada.ca\/en\/le-dialogue-intergenerationnel-un-imperatif-pour-une-societe-plus-humaine\/' class=\"uc_more_btn\" title=\"\">Read the article<\/a><\/div>\n       \n  \n   <\/div>\n<div class=\"uc_post_list_box\" data-category=\"Article\">\n  \n  \t    <div class=\"uc_post_list_image\">\n      <a href=\"https:\/\/edfcanada.ca\/en\/le-gout-de-lintegration-quand-la-cuisine-tisse-des-liens\/\" target=\"_self\" title=\"A Taste of Integration: How Cooking Builds Bridges\">\n          \n            <img loading=\"lazy\" decoding=\"async\" src=\"https:\/\/edfcanada.ca\/wp-content\/uploads\/2025\/04\/nourriture.--768x512.jpg\"  alt=\"nourriture.\" width=\"768\" height=\"512\">\n        \t        \n      <\/a>\n    <\/div>\n  \t\t\n  \n    <div class=\"uc_post_list_content\">\n      <div class=\"uc_post_list_content_inside\">\n        \n                        \n                  \t                  \n          <div class=\"ue-grid-item-category\">\n                          <a href=\"https:\/\/edfcanada.ca\/en\/category\/article\/\" target=\"_self\">Article<\/a>\n                      <\/div>\n        \n                \n             \n        <div class=\"uc_post_list_title\"><a target=\"_self\" href=\"https:\/\/edfcanada.ca\/en\/le-gout-de-lintegration-quand-la-cuisine-tisse-des-liens\/\" title=\"A Taste of Integration: How Cooking Builds Bridges\">A Taste of Integration: How Cooking Builds Bridges<\/a><\/div>                 \n        <div class=\"ue-meta-data\">\n  <div class=\"ue-grid-item-meta-data\"><span class=\"ue-grid-item-meta-data-icon\"><i class='fas fa-calendar-week'><\/i><\/span>  29\/04\/2025<\/div>               \n    <div class=\"ue-grid-item-meta-data\"><span class=\"ue-grid-item-meta-data-icon\"><i class='fas fa-user'><\/i><\/span>   EDF Canada<\/div>            \n            \n              \n              \n  \n      \n<\/div>      \n               \n        <div class=\"uc_post_content\">In Ottawa-Gatineau, Space Family conversation put on the kitchen as the vector for integration, dignity...<\/div>                          \n                \n      <\/div>\n    <\/div>\n     \n            <div class=\"button-on-side\"><a target=\"_self\" href='https:\/\/edfcanada.ca\/en\/le-gout-de-lintegration-quand-la-cuisine-tisse-des-liens\/' class=\"uc_more_btn\" title=\"\">Read the article<\/a><\/div>\n       \n  \n   <\/div>\n<div class=\"uc_post_list_box\" data-category=\"Article\">\n  \n  \t    <div class=\"uc_post_list_image\">\n      <a href=\"https:\/\/edfcanada.ca\/en\/briser-le-silence-comment-aborder-les-conflits-familiaux-avec-bienveillance\/\" target=\"_self\" title=\"Breaking the silence : How to deal with family conflicts with kindness\">\n          \n            <img loading=\"lazy\" decoding=\"async\" src=\"https:\/\/edfcanada.ca\/wp-content\/uploads\/2025\/04\/Briser-le-silence-768x512.jpg\"  alt=\"Briser le silence\" width=\"768\" height=\"512\">\n        \t        \n      <\/a>\n    <\/div>\n  \t\t\n  \n    <div class=\"uc_post_list_content\">\n      <div class=\"uc_post_list_content_inside\">\n        \n                        \n                  \t                  \n          <div class=\"ue-grid-item-category\">\n                          <a href=\"https:\/\/edfcanada.ca\/en\/category\/article\/\" target=\"_self\">Article<\/a>\n                      <\/div>\n        \n                \n             \n        <div class=\"uc_post_list_title\"><a target=\"_self\" href=\"https:\/\/edfcanada.ca\/en\/briser-le-silence-comment-aborder-les-conflits-familiaux-avec-bienveillance\/\" title=\"Breaking the silence : How to deal with family conflicts with kindness\">Breaking the silence : How to deal with family conflicts with kindness<\/a><\/div>                 \n        <div class=\"ue-meta-data\">\n  <div class=\"ue-grid-item-meta-data\"><span class=\"ue-grid-item-meta-data-icon\"><i class='fas fa-calendar-week'><\/i><\/span>  18\/04\/2025<\/div>               \n    <div class=\"ue-grid-item-meta-data\"><span class=\"ue-grid-item-meta-data-icon\"><i class='fas fa-user'><\/i><\/span>   EDF Canada<\/div>            \n            \n              \n              \n  \n      \n<\/div>      \n               \n        <div class=\"uc_post_content\">Introduction\n\n\nDans chaque famille, des tensions peuvent surgir. Un mot de trop, un d\u00e9saccord, un moment...<\/div>                          \n                \n      <\/div>\n    <\/div>\n     \n            <div class=\"button-on-side\"><a target=\"_self\" href='https:\/\/edfcanada.ca\/en\/briser-le-silence-comment-aborder-les-conflits-familiaux-avec-bienveillance\/' class=\"uc_more_btn\" title=\"\">Read the article<\/a><\/div>\n       \n  \n   <\/div>\n<div class=\"uc_post_list_box\" data-category=\"Article\">\n  \n  \t    <div class=\"uc_post_list_image\">\n      <a href=\"https:\/\/edfcanada.ca\/en\/renforcer-les-familles-par-le-dialogue-et-le-soutien\/\" target=\"_self\" title=\"Strengthening Families Through Dialogue and Support\">\n          \n            <img loading=\"lazy\" decoding=\"async\" src=\"https:\/\/edfcanada.ca\/wp-content\/uploads\/2025\/04\/Renforcer-les-familles-768x512.jpg\"  alt=\"Renforcer-les-familles\" width=\"768\" height=\"512\">\n        \t        \n      <\/a>\n    <\/div>\n  \t\t\n  \n    <div class=\"uc_post_list_content\">\n      <div class=\"uc_post_list_content_inside\">\n        \n                        \n                  \t                  \n          <div class=\"ue-grid-item-category\">\n                          <a href=\"https:\/\/edfcanada.ca\/en\/category\/article\/\" target=\"_self\">Article<\/a>\n                      <\/div>\n        \n                \n             \n        <div class=\"uc_post_list_title\"><a target=\"_self\" href=\"https:\/\/edfcanada.ca\/en\/renforcer-les-familles-par-le-dialogue-et-le-soutien\/\" title=\"Strengthening Families Through Dialogue and Support\">Strengthening Families Through Dialogue and Support<\/a><\/div>                 \n        <div class=\"ue-meta-data\">\n  <div class=\"ue-grid-item-meta-data\"><span class=\"ue-grid-item-meta-data-icon\"><i class='fas fa-calendar-week'><\/i><\/span>  18\/04\/2025<\/div>               \n    <div class=\"ue-grid-item-meta-data\"><span class=\"ue-grid-item-meta-data-icon\"><i class='fas fa-user'><\/i><\/span>   EDF Canada<\/div>            \n            \n              \n              \n  \n      \n<\/div>      \n               \n        <div class=\"uc_post_content\">At the junction of the challenges of family, cultural and social, in particular in the context of migration, a need...<\/div>                          \n                \n      <\/div>\n    <\/div>\n     \n            <div class=\"button-on-side\"><a target=\"_self\" href='https:\/\/edfcanada.ca\/en\/renforcer-les-familles-par-le-dialogue-et-le-soutien\/' class=\"uc_more_btn\" title=\"\">Read the article<\/a><\/div>\n       \n  \n   <\/div>\n<div class=\"uc_post_list_box\" data-category=\"Article\">\n  \n  \t    <div class=\"uc_post_list_image\">\n      <a href=\"https:\/\/edfcanada.ca\/en\/le-traumatisme-migratoire-en-parler-pour-mieux-guerir\/\" target=\"_self\" title=\"The trauma of migration : Transforming pain into strength through the exchange\">\n          \n            <img loading=\"lazy\" decoding=\"async\" src=\"https:\/\/edfcanada.ca\/wp-content\/uploads\/2025\/04\/edf-3-768x512.jpg\"  alt=\"edf-3\" width=\"768\" height=\"512\">\n        \t        \n      <\/a>\n    <\/div>\n  \t\t\n  \n    <div class=\"uc_post_list_content\">\n      <div class=\"uc_post_list_content_inside\">\n        \n                        \n                  \t                  \n          <div class=\"ue-grid-item-category\">\n                          <a href=\"https:\/\/edfcanada.ca\/en\/category\/article\/\" target=\"_self\">Article<\/a>\n                      <\/div>\n        \n                \n             \n        <div class=\"uc_post_list_title\"><a target=\"_self\" href=\"https:\/\/edfcanada.ca\/en\/le-traumatisme-migratoire-en-parler-pour-mieux-guerir\/\" title=\"The trauma of migration : Transforming pain into strength through the exchange\">The trauma of migration : Transforming pain into strength through the exchange<\/a><\/div>                 \n        <div class=\"ue-meta-data\">\n  <div class=\"ue-grid-item-meta-data\"><span class=\"ue-grid-item-meta-data-icon\"><i class='fas fa-calendar-week'><\/i><\/span>  17\/04\/2025<\/div>               \n    <div class=\"ue-grid-item-meta-data\"><span class=\"ue-grid-item-meta-data-icon\"><i class='fas fa-user'><\/i><\/span>   EDF Canada<\/div>            \n            \n              \n              \n  \n      \n<\/div>      \n               \n        <div class=\"uc_post_content\">\u00ab\u00a0Mon c\u0153ur est rest\u00e9 l\u00e0-bas.\u00a0\u00bb\n\n\nCes mots, charg\u00e9s de douleur et d\u2019amour, sont ceux d\u2019une m\u00e8re qui a...<\/div>                          \n                \n      <\/div>\n    <\/div>\n     \n            <div class=\"button-on-side\"><a target=\"_self\" href='https:\/\/edfcanada.ca\/en\/le-traumatisme-migratoire-en-parler-pour-mieux-guerir\/' class=\"uc_more_btn\" title=\"\">Read the article<\/a><\/div>\n       \n  \n   <\/div>\n<div class=\"uc_post_list_box\" data-category=\"Article\">\n  \n  \t    <div class=\"uc_post_list_image\">\n      <a href=\"https:\/\/edfcanada.ca\/en\/mieux-comprendre-la-sante-mentale-en-famille\/\" target=\"_self\" title=\"A better understanding of mental health in the family\">\n          \n            <img loading=\"lazy\" decoding=\"async\" src=\"https:\/\/edfcanada.ca\/wp-content\/uploads\/2025\/04\/Mieux-comprendre-la-sante-mentale-en-famille-768x512.jpg\"  alt=\"Mieux comprendre la sant\u00e9 mentale en famille\" width=\"768\" height=\"512\">\n        \t        \n      <\/a>\n    <\/div>\n  \t\t\n  \n    <div class=\"uc_post_list_content\">\n      <div class=\"uc_post_list_content_inside\">\n        \n                        \n                  \t                  \n          <div class=\"ue-grid-item-category\">\n                          <a href=\"https:\/\/edfcanada.ca\/en\/category\/article\/\" target=\"_self\">Article<\/a>\n                      <\/div>\n        \n                \n             \n        <div class=\"uc_post_list_title\"><a target=\"_self\" href=\"https:\/\/edfcanada.ca\/en\/mieux-comprendre-la-sante-mentale-en-famille\/\" title=\"A better understanding of mental health in the family\">A better understanding of mental health in the family<\/a><\/div>                 \n        <div class=\"ue-meta-data\">\n  <div class=\"ue-grid-item-meta-data\"><span class=\"ue-grid-item-meta-data-icon\"><i class='fas fa-calendar-week'><\/i><\/span>  15\/04\/2025<\/div>               \n    <div class=\"ue-grid-item-meta-data\"><span class=\"ue-grid-item-meta-data-icon\"><i class='fas fa-user'><\/i><\/span>   EDF Canada<\/div>            \n            \n              \n              \n  \n      \n<\/div>      \n               \n        <div class=\"uc_post_content\">Mieux comprendre la sant\u00e9 mentale en famille : Un enjeu essentiel pour les familles immigrantes\n\n\nIntroduction\n\n\nEn...<\/div>                          \n                \n      <\/div>\n    <\/div>\n     \n            <div class=\"button-on-side\"><a target=\"_self\" href='https:\/\/edfcanada.ca\/en\/mieux-comprendre-la-sante-mentale-en-famille\/' class=\"uc_more_btn\" title=\"\">Read the article<\/a><\/div>\n       \n  \n   <\/div>\n\n<\/div>\n\n\n  <div id=\"uc_post_list_elementor_9bd6e7c_empty_message\" class=\"ue-no-posts-found\"  style=\"display:none\" >No posts found<\/div>\n\n\n<!-- end Post List -->\t\t\t\t<\/div>\n\t\t\t\t<\/div>\n\t\t\t\t<div class=\"elementor-element elementor-element-fd808bd elementor-widget elementor-widget-ucaddon_archive_pagination\" data-id=\"fd808bd\" data-element_type=\"widget\" data-e-type=\"widget\" data-widget_type=\"ucaddon_archive_pagination.default\">\n\t\t\t\t<div class=\"elementor-widget-container\">\n\t\t\t\t\t\n<!-- start Post Pagination -->\n\n<style>\/* widget: Post Pagination *\/\n\n#uc_archive_pagination_elementor_fd808bd nav\n{\n  padding:0px;\n  margin:0px;\n}\n\n#uc_archive_pagination_elementor_fd808bd \n{\n  display:flex;\n  flex-wrap: wrap;\n  justify-content:center;\n}\n\n#uc_archive_pagination_elementor_fd808bd .nav-links\n{\n  display:flex;\n  justify-content:center;\n}\n\n#uc_archive_pagination_elementor_fd808bd .nav-links > *\n{\n}\n\n#uc_archive_pagination_elementor_fd808bd .page-numbers\n{\n  display:flex;\n  \n  align-items:center;\n  justify-content:center;\n  transition:0.3s;\n  line-height:1em;\n}\n\n\n#uc_archive_pagination_elementor_fd808bd a.page-numbers, #uc_archive_pagination_elementor_fd808bd .dots\n{\n  color:#000000;\n  background-color:;\n}\n\n#uc_archive_pagination_elementor_fd808bd a.page-numbers:hover\n{\n  color:#6e6e6e;\n  background-color:#eeeeee;\n}\n\n#uc_archive_pagination_elementor_fd808bd .page-numbers.current,\n#uc_archive_pagination_elementor_fd808bd .page-numbers.current:hover\n{\n  background-color:#000000;\n  color:#ffffff;\n}\n\n\n#uc_archive_pagination_elementor_fd808bd .page-numbers.prev, #uc_archive_pagination_elementor_fd808bd .page-numbers.next\n{\n  padding-left:15px;\n  padding-right:15px;\n}\n\n\n\n#uc_archive_pagination_elementor_fd808bd .prev:before {\n   font-family: \"Font Awesome 5 Free\";\n   content: \"\\f053\";\n   display: inline-block;\n   vertical-align: middle;\n   font-weight: 900;\n   padding-right:10px;}\n\n#uc_archive_pagination_elementor_fd808bd .next:after {\n   font-family: \"Font Awesome 5 Free\";\n   content: \"\\f054\";\n   display: inline-block;\n   vertical-align: middle;\n   font-weight: 900;\n   padding-left:10px;}\n\n#uc_archive_pagination_elementor_fd808bd.uc-ajax-loading{\n\topacity:1 !important;\n}\n\n#uc_archive_pagination_elementor_fd808bd.uc-ajax-loading .current{\n\tposition:relative;\n    overflow:hidden;\n}\n\n\n#uc_archive_pagination_elementor_fd808bd.uc-ajax-loading .current:before{\n  content: \"\";\n  display:block;\n  width:100%;\n  height:100%;\n  box-sizing:border-box;\n  position:absolute;\n  top:0px;\n  left:0px;\n  background-color: #c2c2c2;\n  animation: uc-spinning-border 0.5s linear infinite;\n  opacity:50%;\n  border-radius:inherit;\n}\n\n@keyframes uc-spinning-border {\n\t0%{transform: scale(0);}\n\t100%{transform: scale(1); }\t\n}\n\n\n\n<\/style>\n\n<div id=\"uc_archive_pagination_elementor_fd808bd\" class=\"archive_pagination uc-filter-pagination\">\n\n<\/div>\n<!-- end Post Pagination -->\t\t\t\t<\/div>\n\t\t\t\t<\/div>\n\t\t\t\t\t<\/div>\n\t\t\t\t<\/div>\n\t\t\t\t<\/div>","protected":false},"excerpt":{"rendered":"<p>Non class\u00e9 Documents \u00e0 t\u00e9l\u00e9charger 13\/04\/2025 root EDF \u2013 Espace Dialogue Familial : Renforcer les familles par le dialogue et le soutien Titre SEO : EDF&#8230; Lire l&rsquo;article Tips Conubia nostra per inceptos 25\/10\/2016 root Lorem ipsum dolor sit amet, consectetur adipiscing elit. Integer nec odio. Praesent libero. Sed cursus&#8230; Lire l&rsquo;article Tips Pellentesque nibh [&hellip;]<\/p>\n","protected":false},"author":3,"featured_media":0,"parent":0,"menu_order":0,"comment_status":"closed","ping_status":"closed","template":"elementor_header_footer","meta":{"ocean_post_layout":"","ocean_both_sidebars_style":"","ocean_both_sidebars_content_width":0,"ocean_both_sidebars_sidebars_width":0,"ocean_sidebar":"","ocean_second_sidebar":"","ocean_disable_margins":"enable","ocean_add_body_class":"","ocean_shortcode_before_top_bar":"","ocean_shortcode_after_top_bar":"","ocean_shortcode_before_header":"","ocean_shortcode_after_header":"","ocean_has_shortcode":"","ocean_shortcode_after_title":"","ocean_shortcode_before_footer_widgets":"","ocean_shortcode_after_footer_widgets":"","ocean_shortcode_before_footer_bottom":"","ocean_shortcode_after_footer_bottom":"","ocean_display_top_bar":"default","ocean_display_header":"default","ocean_header_style":"","ocean_center_header_left_menu":"","ocean_custom_header_template":"","ocean_custom_logo":0,"ocean_custom_retina_logo":0,"ocean_custom_logo_max_width":0,"ocean_custom_logo_tablet_max_width":0,"ocean_custom_logo_mobile_max_width":0,"ocean_custom_logo_max_height":0,"ocean_custom_logo_tablet_max_height":0,"ocean_custom_logo_mobile_max_height":0,"ocean_header_custom_menu":"","ocean_menu_typo_font_family":"","ocean_menu_typo_font_subset":"","ocean_menu_typo_font_size":0,"ocean_menu_typo_font_size_tablet":0,"ocean_menu_typo_font_size_mobile":0,"ocean_menu_typo_font_size_unit":"px","ocean_menu_typo_font_weight":"","ocean_menu_typo_font_weight_tablet":"","ocean_menu_typo_font_weight_mobile":"","ocean_menu_typo_transform":"","ocean_menu_typo_transform_tablet":"","ocean_menu_typo_transform_mobile":"","ocean_menu_typo_line_height":0,"ocean_menu_typo_line_height_tablet":0,"ocean_menu_typo_line_height_mobile":0,"ocean_menu_typo_line_height_unit":"","ocean_menu_typo_spacing":0,"ocean_menu_typo_spacing_tablet":0,"ocean_menu_typo_spacing_mobile":0,"ocean_menu_typo_spacing_unit":"","ocean_menu_link_color":"","ocean_menu_link_color_hover":"","ocean_menu_link_color_active":"","ocean_menu_link_background":"","ocean_menu_link_hover_background":"","ocean_menu_link_active_background":"","ocean_menu_social_links_bg":"","ocean_menu_social_hover_links_bg":"","ocean_menu_social_links_color":"","ocean_menu_social_hover_links_color":"","ocean_disable_title":"default","ocean_disable_heading":"default","ocean_post_title":"","ocean_post_subheading":"","ocean_post_title_style":"","ocean_post_title_background_color":"","ocean_post_title_background":0,"ocean_post_title_bg_image_position":"","ocean_post_title_bg_image_attachment":"","ocean_post_title_bg_image_repeat":"","ocean_post_title_bg_image_size":"","ocean_post_title_height":0,"ocean_post_title_bg_overlay":0.5,"ocean_post_title_bg_overlay_color":"","ocean_disable_breadcrumbs":"default","ocean_breadcrumbs_color":"","ocean_breadcrumbs_separator_color":"","ocean_breadcrumbs_links_color":"","ocean_breadcrumbs_links_hover_color":"","ocean_display_footer_widgets":"default","ocean_display_footer_bottom":"default","ocean_custom_footer_template":"","osh_disable_topbar_sticky":"default","osh_disable_header_sticky":"default","osh_sticky_header_style":"default","osh_sticky_header_effect":"","osh_custom_sticky_logo":0,"osh_custom_retina_sticky_logo":0,"osh_custom_sticky_logo_height":0,"osh_background_color":"","osh_links_color":"","osh_links_hover_color":"","osh_links_active_color":"","osh_links_bg_color":"","osh_links_hover_bg_color":"","osh_links_active_bg_color":"","osh_menu_social_links_color":"","osh_menu_social_hover_links_color":"","footnotes":""},"class_list":["post-1661","page","type-page","status-publish","hentry","entry"],"_links":{"self":[{"href":"https:\/\/edfcanada.ca\/en\/wp-json\/wp\/v2\/pages\/1661","targetHints":{"allow":["GET"]}}],"collection":[{"href":"https:\/\/edfcanada.ca\/en\/wp-json\/wp\/v2\/pages"}],"about":[{"href":"https:\/\/edfcanada.ca\/en\/wp-json\/wp\/v2\/types\/page"}],"author":[{"embeddable":true,"href":"https:\/\/edfcanada.ca\/en\/wp-json\/wp\/v2\/users\/3"}],"replies":[{"embeddable":true,"href":"https:\/\/edfcanada.ca\/en\/wp-json\/wp\/v2\/comments?post=1661"}],"version-history":[{"count":10,"href":"https:\/\/edfcanada.ca\/en\/wp-json\/wp\/v2\/pages\/1661\/revisions"}],"predecessor-version":[{"id":1682,"href":"https:\/\/edfcanada.ca\/en\/wp-json\/wp\/v2\/pages\/1661\/revisions\/1682"}],"wp:attachment":[{"href":"https:\/\/edfcanada.ca\/en\/wp-json\/wp\/v2\/media?parent=1661"}],"curies":[{"name":"wp","href":"https:\/\/api.w.org\/{rel}","templated":true}]}}