{"id":1705,"date":"2025-04-17T01:05:16","date_gmt":"2025-04-17T05:05:16","guid":{"rendered":"https:\/\/edfcanada.ca\/?page_id=1705"},"modified":"2025-04-17T18:57:21","modified_gmt":"2025-04-17T22:57:21","slug":"soutien-psychologique-et-psychosocial","status":"publish","type":"page","link":"https:\/\/edfcanada.ca\/en\/soutien-psychologique-et-psychosocial\/","title":{"rendered":"Soutien psychologique et psychosocial"},"content":{"rendered":"<div data-elementor-type=\"wp-page\" data-elementor-id=\"1705\" class=\"elementor elementor-1705\" data-elementor-post-type=\"page\">\n\t\t\t\t\t\t<section class=\"elementor-section elementor-top-section elementor-element elementor-element-1d359210 elementor-section-boxed elementor-section-height-default elementor-section-height-default\" data-id=\"1d359210\" data-element_type=\"section\" data-e-type=\"section\">\n\t\t\t\t\t\t<div class=\"elementor-container elementor-column-gap-default\">\n\t\t\t\t\t<div class=\"elementor-column elementor-col-66 elementor-top-column elementor-element elementor-element-4cee5389\" data-id=\"4cee5389\" data-element_type=\"column\" data-e-type=\"column\">\n\t\t\t<div class=\"elementor-widget-wrap elementor-element-populated\">\n\t\t\t\t\t\t<div class=\"elementor-element elementor-element-26cae535 elementor-widget elementor-widget-text-editor\" data-id=\"26cae535\" data-element_type=\"widget\" data-e-type=\"widget\" data-widget_type=\"text-editor.default\">\n\t\t\t\t<div class=\"elementor-widget-container\">\n\t\t\t\t\t\t\t\t\t<p><strong>Comprendre l\u2019aide psychosociale et psychologique<\/strong><\/p><p>Home <strong>Espace Dialogue Familial (EDF)<\/strong>, nous savons que les familles, particuli\u00e8rement celles issues de l&rsquo;immigration, peuvent vivre des bouleversements majeurs. Qu\u2019il s\u2019agisse de d\u00e9fis d\u2019int\u00e9gration, de stress familial ou de d\u00e9tresse \u00e9motionnelle, les besoins sont r\u00e9els et multiples. C\u2019est pourquoi EDF propose deux formes d\u2019accompagnement essentielles mais souvent confondues : <strong>l\u2019aide psychosociale<\/strong> and <strong>l\u2019aide psychologique<\/strong>.<\/p><p><strong>Deux types d\u2019aide compl\u00e9mentaires, mais distincts<\/strong><\/p><p><strong>L\u2019aide psychosociale<\/strong> soutient les familles dans la gestion des difficult\u00e9s concr\u00e8tes de la vie quotidienne. Elle s\u2019adresse, par exemple, aux familles qui cherchent un logement, un emploi, une \u00e9cole pour leurs enfants, ou qui doivent s\u2019adapter \u00e0 une nouvelle culture. Elle permet aussi de briser l\u2019isolement social ou de mieux comprendre les services disponibles. Ce soutien est assur\u00e9 par des <strong>intervenants communautaires, travailleurs sociaux ou \u00e9ducateurs sp\u00e9cialis\u00e9s<\/strong>, qui travaillent main dans la main avec les familles pour <strong>renforcer leur pouvoir d\u2019agir<\/strong> et leur stabilit\u00e9 dans leur environnement.<\/p><p><strong>L\u2019aide psychologique<\/strong>, elle, s\u2019int\u00e9resse davantage \u00e0 l\u2019univers int\u00e9rieur des personnes : leurs \u00e9motions, leurs blessures, leurs blocages. Ce type de soutien est offert par des <strong>psychologues ou psychoth\u00e9rapeutes<\/strong>, et vise \u00e0 comprendre ce qui se passe en soi, \u00e0 traiter la souffrance psychique (d\u00e9pression, deuil, anxi\u00e9t\u00e9, traumatisme\u2026), \u00e0 favoriser une meilleure communication \u00e9motionnelle et \u00e0 retrouver un \u00e9quilibre int\u00e9rieur. <strong>Des approches comme la th\u00e9rapie familiale syst\u00e9mique ou la th\u00e9rapie cognitive-comportementale sont parfois utilis\u00e9es<\/strong> pour accompagner ces processus.<\/p><p><strong>Une stigmatisation encore pr\u00e9sente<\/strong><\/p><p><strong>Dans de nombreuses cultures, ce n\u2019est pas le mot \u201cpsychologue\u201d qui est stigmatis\u00e9, mais le fait de consulter.<\/strong> Aller voir un psychologue est parfois per\u00e7u comme un aveu de faiblesse, voire de \u00ab\u00a0folie\u00a0\u00bb. Cette peur du jugement bloque encore trop souvent les personnes qui auraient tout \u00e0 gagner \u00e0 entreprendre une d\u00e9marche de mieux-\u00eatre int\u00e9rieur.<\/p><p>C\u2019est pourquoi EDF joue un r\u00f4le cl\u00e9 : <strong>nous aidons les familles \u00e0 franchir cette barri\u00e8re psychologique en les orientant d\u2019abord vers des intervenants psychosociaux<\/strong>. Ce premier contact rassurant permet de b\u00e2tir un lien de confiance, <strong>de d\u00e9mystifier les services offerts<\/strong> et, au besoin, d\u2019amorcer une transition douce vers un accompagnement psychologique plus approfondi.<\/p><p><strong>Des r\u00e9sultats concrets, des vies transform\u00e9es<\/strong><\/p><p><strong>EDF ne se contente pas d\u2019agir : nous mesurons notre impact.<\/strong> Lors de nos forums ou accompagnements, nous recueillons les t\u00e9moignages des familles et les traduisons en donn\u00e9es concr\u00e8tes. Par exemple, le nombre de participants ayant trouv\u00e9 une solution durable gr\u00e2ce \u00e0 nos services nous permet d\u2019\u00e9valuer nos actions et de les am\u00e9liorer continuellement.<\/p><p><strong>Une m\u00e8re en situation d\u2019isolement a pu retrouver un emploi apr\u00e8s avoir \u00e9t\u00e9 orient\u00e9e par EDF vers des services d\u2019employabilit\u00e9 locaux. En parall\u00e8le, notre soutien psychosocial r\u00e9gulier \u2013 notamment par des visites \u00e0 domicile et l\u2019invitation \u00e0 nos \u00e9v\u00e9nements communautaires \u2013 lui a permis de briser son isolement et de reprendre confiance. Elle a aussi entam\u00e9 une d\u00e9marche psychologique pour mieux g\u00e9rer son anxi\u00e9t\u00e9.<\/strong> Ce genre d\u2019histoire n\u2019est pas rare : <strong>nos services agissent souvent comme un tremplin vers une transformation globale, en aidant les familles \u00e0 se reconnecter \u00e0 leurs ressources internes et externes.<\/strong><\/p><p><strong>Une approche humaine, bienveillante et sans jugement<\/strong><\/p><p>\u00c0 EDF, <strong>nous savons que chaque famille est unique<\/strong>, avec ses d\u00e9fis et ses forces. Nous refusons les \u00e9tiquettes. Notre but est d\u2019<strong>offrir un espace s\u00e9curisant o\u00f9 les personnes peuvent s\u2019exprimer, \u00eatre \u00e9cout\u00e9es, et recevoir l\u2019aide qui leur correspond vraiment<\/strong>, qu\u2019elle soit d\u2019ordre pratique ou \u00e9motionnel. C\u2019est aussi pour cela que nous sensibilisons activement notre communaut\u00e9 aux bienfaits de ces services, trop souvent m\u00e9connus ou mal compris.<\/p><p><strong>Ensemble, brisons les tabous<\/strong><\/p><p><strong>Aucune famille ne devrait avoir \u00e0 souffrir en silence.<\/strong> L\u2019aide existe. Elle est humaine, chaleureuse, bienveillante. Et surtout, elle est l\u00e0 pour vous.<\/p><p><strong>Pour en savoir plus sur nos services ou prendre rendez-vous, <a href=\"https:\/\/edfcanada.ca\/en\/contact\/\" data-wplink-url-error=\"true\">contactez-nous<\/a> d\u00e8s aujourd\u2019hui.<\/strong><\/p><p><strong>\u00a0<\/strong><\/p><p><strong>\u00a0<\/strong><\/p>\t\t\t\t\t\t\t\t<\/div>\n\t\t\t\t<\/div>\n\t\t\t\t\t<\/div>\n\t\t<\/div>\n\t\t\t\t<div class=\"elementor-column elementor-col-33 elementor-top-column elementor-element elementor-element-3b19272a\" data-id=\"3b19272a\" data-element_type=\"column\" data-e-type=\"column\">\n\t\t\t<div class=\"elementor-widget-wrap elementor-element-populated\">\n\t\t\t\t\t\t<section class=\"elementor-section elementor-inner-section elementor-element elementor-element-383e487c elementor-section-boxed elementor-section-height-default elementor-section-height-default\" data-id=\"383e487c\" data-element_type=\"section\" data-e-type=\"section\" data-settings=\"{&quot;background_background&quot;:&quot;classic&quot;}\">\n\t\t\t\t\t\t<div class=\"elementor-container elementor-column-gap-default\">\n\t\t\t\t\t<div class=\"elementor-column elementor-col-100 elementor-inner-column elementor-element elementor-element-35bcaf04\" data-id=\"35bcaf04\" data-element_type=\"column\" data-e-type=\"column\" data-settings=\"{&quot;background_background&quot;:&quot;classic&quot;}\">\n\t\t\t<div class=\"elementor-widget-wrap elementor-element-populated\">\n\t\t\t\t\t\t<div class=\"elementor-element elementor-element-48354cf6 elementor-widget elementor-widget-image\" data-id=\"48354cf6\" data-element_type=\"widget\" data-e-type=\"widget\" data-widget_type=\"image.default\">\n\t\t\t\t<div class=\"elementor-widget-container\">\n\t\t\t\t\t\t\t\t\t\t\t\t\t\t\t\t<a href=\"https:\/\/edfcanada.ca\/en\/faire-un-don\/\">\n\t\t\t\t\t\t\t<img fetchpriority=\"high\" decoding=\"async\" width=\"640\" height=\"308\" src=\"https:\/\/edfcanada.ca\/wp-content\/uploads\/2025\/04\/faire-un-don-avec-paypal.png\" class=\"attachment-large size-large wp-image-1073\" alt=\"faire-un-don-avec-paypal\" srcset=\"https:\/\/edfcanada.ca\/wp-content\/uploads\/2025\/04\/faire-un-don-avec-paypal.png 640w, https:\/\/edfcanada.ca\/wp-content\/uploads\/2025\/04\/faire-un-don-avec-paypal-300x144.png 300w\" sizes=\"(max-width: 640px) 100vw, 640px\" \/>\t\t\t\t\t\t\t\t<\/a>\n\t\t\t\t\t\t\t\t\t\t\t\t\t\t\t<\/div>\n\t\t\t\t<\/div>\n\t\t\t\t<div class=\"elementor-element elementor-element-786165fc elementor-align-justify elementor-widget elementor-widget-button\" data-id=\"786165fc\" data-element_type=\"widget\" data-e-type=\"widget\" data-widget_type=\"button.default\">\n\t\t\t\t<div class=\"elementor-widget-container\">\n\t\t\t\t\t\t\t\t\t<div class=\"elementor-button-wrapper\">\n\t\t\t\t\t<a class=\"elementor-button elementor-button-link elementor-size-xs\" href=\"https:\/\/edfcanada.ca\/en\/\">\n\t\t\t\t\t\t<span class=\"elementor-button-content-wrapper\">\n\t\t\t\t\t\t\t\t\t<span class=\"elementor-button-text\">Welcome<\/span>\n\t\t\t\t\t<\/span>\n\t\t\t\t\t<\/a>\n\t\t\t\t<\/div>\n\t\t\t\t\t\t\t\t<\/div>\n\t\t\t\t<\/div>\n\t\t\t\t<div class=\"elementor-element elementor-element-3a889537 elementor-align-justify elementor-widget elementor-widget-button\" data-id=\"3a889537\" data-element_type=\"widget\" data-e-type=\"widget\" data-widget_type=\"button.default\">\n\t\t\t\t<div class=\"elementor-widget-container\">\n\t\t\t\t\t\t\t\t\t<div class=\"elementor-button-wrapper\">\n\t\t\t\t\t<a class=\"elementor-button elementor-button-link elementor-size-xs\" href=\"https:\/\/edfcanada.ca\/en\/apropos\/\">\n\t\t\t\t\t\t<span class=\"elementor-button-content-wrapper\">\n\t\t\t\t\t\t\t\t\t<span class=\"elementor-button-text\">About<\/span>\n\t\t\t\t\t<\/span>\n\t\t\t\t\t<\/a>\n\t\t\t\t<\/div>\n\t\t\t\t\t\t\t\t<\/div>\n\t\t\t\t<\/div>\n\t\t\t\t<div class=\"elementor-element elementor-element-5f8a8147 elementor-align-justify elementor-widget elementor-widget-button\" data-id=\"5f8a8147\" data-element_type=\"widget\" data-e-type=\"widget\" data-widget_type=\"button.default\">\n\t\t\t\t<div class=\"elementor-widget-container\">\n\t\t\t\t\t\t\t\t\t<div class=\"elementor-button-wrapper\">\n\t\t\t\t\t<a class=\"elementor-button elementor-button-link elementor-size-xs\" href=\"https:\/\/edfcanada.ca\/en\/nos-services\/\">\n\t\t\t\t\t\t<span class=\"elementor-button-content-wrapper\">\n\t\t\t\t\t\t\t\t\t<span class=\"elementor-button-text\">Our services<\/span>\n\t\t\t\t\t<\/span>\n\t\t\t\t\t<\/a>\n\t\t\t\t<\/div>\n\t\t\t\t\t\t\t\t<\/div>\n\t\t\t\t<\/div>\n\t\t\t\t<div class=\"elementor-element elementor-element-55c67ee elementor-align-justify elementor-widget elementor-widget-button\" data-id=\"55c67ee\" data-element_type=\"widget\" data-e-type=\"widget\" data-widget_type=\"button.default\">\n\t\t\t\t<div class=\"elementor-widget-container\">\n\t\t\t\t\t\t\t\t\t<div class=\"elementor-button-wrapper\">\n\t\t\t\t\t<a class=\"elementor-button elementor-button-link elementor-size-xs\" href=\"https:\/\/edfcanada.ca\/en\/evenements\/\">\n\t\t\t\t\t\t<span class=\"elementor-button-content-wrapper\">\n\t\t\t\t\t\t\t\t\t<span class=\"elementor-button-text\">Events<\/span>\n\t\t\t\t\t<\/span>\n\t\t\t\t\t<\/a>\n\t\t\t\t<\/div>\n\t\t\t\t\t\t\t\t<\/div>\n\t\t\t\t<\/div>\n\t\t\t\t<div class=\"elementor-element elementor-element-413fdb9 elementor-align-justify elementor-widget elementor-widget-button\" data-id=\"413fdb9\" data-element_type=\"widget\" data-e-type=\"widget\" data-widget_type=\"button.default\">\n\t\t\t\t<div class=\"elementor-widget-container\">\n\t\t\t\t\t\t\t\t\t<div class=\"elementor-button-wrapper\">\n\t\t\t\t\t<a class=\"elementor-button elementor-button-link elementor-size-xs\" href=\"https:\/\/edfcanada.ca\/en\/ressources\/\">\n\t\t\t\t\t\t<span class=\"elementor-button-content-wrapper\">\n\t\t\t\t\t\t\t\t\t<span class=\"elementor-button-text\">Resources<\/span>\n\t\t\t\t\t<\/span>\n\t\t\t\t\t<\/a>\n\t\t\t\t<\/div>\n\t\t\t\t\t\t\t\t<\/div>\n\t\t\t\t<\/div>\n\t\t\t\t<div class=\"elementor-element elementor-element-67b93074 elementor-align-justify elementor-widget elementor-widget-button\" data-id=\"67b93074\" data-element_type=\"widget\" data-e-type=\"widget\" data-widget_type=\"button.default\">\n\t\t\t\t<div class=\"elementor-widget-container\">\n\t\t\t\t\t\t\t\t\t<div class=\"elementor-button-wrapper\">\n\t\t\t\t\t<a class=\"elementor-button elementor-size-xs\" role=\"button\">\n\t\t\t\t\t\t<span class=\"elementor-button-content-wrapper\">\n\t\t\t\t\t\t\t\t\t<span class=\"elementor-button-text\">Gallery<\/span>\n\t\t\t\t\t<\/span>\n\t\t\t\t\t<\/a>\n\t\t\t\t<\/div>\n\t\t\t\t\t\t\t\t<\/div>\n\t\t\t\t<\/div>\n\t\t\t\t<div class=\"elementor-element elementor-element-4b7312ab elementor-align-justify elementor-widget elementor-widget-button\" data-id=\"4b7312ab\" data-element_type=\"widget\" data-e-type=\"widget\" data-widget_type=\"button.default\">\n\t\t\t\t<div class=\"elementor-widget-container\">\n\t\t\t\t\t\t\t\t\t<div class=\"elementor-button-wrapper\">\n\t\t\t\t\t<a class=\"elementor-button elementor-size-xs\" role=\"button\">\n\t\t\t\t\t\t<span class=\"elementor-button-content-wrapper\">\n\t\t\t\t\t\t\t\t\t<span class=\"elementor-button-text\">Blog<\/span>\n\t\t\t\t\t<\/span>\n\t\t\t\t\t<\/a>\n\t\t\t\t<\/div>\n\t\t\t\t\t\t\t\t<\/div>\n\t\t\t\t<\/div>\n\t\t\t\t<div class=\"elementor-element elementor-element-6972b450 elementor-align-justify elementor-widget elementor-widget-button\" data-id=\"6972b450\" data-element_type=\"widget\" data-e-type=\"widget\" data-widget_type=\"button.default\">\n\t\t\t\t<div class=\"elementor-widget-container\">\n\t\t\t\t\t\t\t\t\t<div class=\"elementor-button-wrapper\">\n\t\t\t\t\t<a class=\"elementor-button elementor-button-link elementor-size-xs\" href=\"https:\/\/edfcanada.ca\/en\/faqs\/\">\n\t\t\t\t\t\t<span class=\"elementor-button-content-wrapper\">\n\t\t\t\t\t\t\t\t\t<span class=\"elementor-button-text\">FAQs<\/span>\n\t\t\t\t\t<\/span>\n\t\t\t\t\t<\/a>\n\t\t\t\t<\/div>\n\t\t\t\t\t\t\t\t<\/div>\n\t\t\t\t<\/div>\n\t\t\t\t<div class=\"elementor-element elementor-element-3e34443a elementor-align-justify elementor-widget elementor-widget-button\" data-id=\"3e34443a\" data-element_type=\"widget\" data-e-type=\"widget\" data-widget_type=\"button.default\">\n\t\t\t\t<div class=\"elementor-widget-container\">\n\t\t\t\t\t\t\t\t\t<div class=\"elementor-button-wrapper\">\n\t\t\t\t\t<a class=\"elementor-button elementor-button-link elementor-size-xs\" href=\"https:\/\/edfcanada.ca\/en\/quiz\/\">\n\t\t\t\t\t\t<span class=\"elementor-button-content-wrapper\">\n\t\t\t\t\t\t\t\t\t<span class=\"elementor-button-text\">Quiz<\/span>\n\t\t\t\t\t<\/span>\n\t\t\t\t\t<\/a>\n\t\t\t\t<\/div>\n\t\t\t\t\t\t\t\t<\/div>\n\t\t\t\t<\/div>\n\t\t\t\t<div class=\"elementor-element elementor-element-2ed0f6e9 elementor-align-justify elementor-widget elementor-widget-button\" data-id=\"2ed0f6e9\" data-element_type=\"widget\" data-e-type=\"widget\" data-widget_type=\"button.default\">\n\t\t\t\t<div class=\"elementor-widget-container\">\n\t\t\t\t\t\t\t\t\t<div class=\"elementor-button-wrapper\">\n\t\t\t\t\t<a class=\"elementor-button elementor-size-sm\" role=\"button\">\n\t\t\t\t\t\t<span class=\"elementor-button-content-wrapper\">\n\t\t\t\t\t\t\t\t\t<span class=\"elementor-button-text\">Partnerships<\/span>\n\t\t\t\t\t<\/span>\n\t\t\t\t\t<\/a>\n\t\t\t\t<\/div>\n\t\t\t\t\t\t\t\t<\/div>\n\t\t\t\t<\/div>\n\t\t\t\t<div class=\"elementor-element elementor-element-26124fce elementor-align-justify elementor-widget elementor-widget-button\" data-id=\"26124fce\" data-element_type=\"widget\" data-e-type=\"widget\" data-widget_type=\"button.default\">\n\t\t\t\t<div class=\"elementor-widget-container\">\n\t\t\t\t\t\t\t\t\t<div class=\"elementor-button-wrapper\">\n\t\t\t\t\t<a class=\"elementor-button elementor-button-link elementor-size-sm\" href=\"https:\/\/edfcanada.ca\/en\/contact\/\">\n\t\t\t\t\t\t<span class=\"elementor-button-content-wrapper\">\n\t\t\t\t\t\t\t\t\t<span class=\"elementor-button-text\">Contact Us<\/span>\n\t\t\t\t\t<\/span>\n\t\t\t\t\t<\/a>\n\t\t\t\t<\/div>\n\t\t\t\t\t\t\t\t<\/div>\n\t\t\t\t<\/div>\n\t\t\t\t<div class=\"elementor-element elementor-element-29b6f209 elementor-align-start elementor-list-item-link-full_width elementor-widget elementor-widget-icon-list\" data-id=\"29b6f209\" data-element_type=\"widget\" data-e-type=\"widget\" data-widget_type=\"icon-list.default\">\n\t\t\t\t<div class=\"elementor-widget-container\">\n\t\t\t\t\t\t\t<ul class=\"elementor-icon-list-items\">\n\t\t\t\t\t\t\t<li class=\"elementor-icon-list-item\">\n\t\t\t\t\t\t\t\t\t\t\t<span class=\"elementor-icon-list-icon\">\n\t\t\t\t\t\t\t<svg aria-hidden=\"true\" class=\"e-font-icon-svg e-fas-phone\" viewbox=\"0 0 512 512\" xmlns=\"http:\/\/www.w3.org\/2000\/svg\"><path d=\"M493.4 24.6l-104-24c-11.3-2.6-22.9 3.3-27.5 13.9l-48 112c-4.2 9.8-1.4 21.3 6.9 28l60.6 49.6c-36 76.7-98.9 140.5-177.2 177.2l-49.6-60.6c-6.8-8.3-18.2-11.1-28-6.9l-112 48C3.9 366.5-2 378.1.6 389.4l24 104C27.1 504.2 36.7 512 48 512c256.1 0 464-207.5 464-464 0-11.2-7.7-20.9-18.6-23.4z\"><\/path><\/svg>\t\t\t\t\t\t<\/span>\n\t\t\t\t\t\t\t\t\t\t<span class=\"elementor-icon-list-text\">819-000-0000<\/span>\n\t\t\t\t\t\t\t\t\t<\/li>\n\t\t\t\t\t\t\t\t<li class=\"elementor-icon-list-item\">\n\t\t\t\t\t\t\t\t\t\t\t<span class=\"elementor-icon-list-icon\">\n\t\t\t\t\t\t\t<svg aria-hidden=\"true\" class=\"e-font-icon-svg e-fas-mail-bulk\" viewbox=\"0 0 576 512\" xmlns=\"http:\/\/www.w3.org\/2000\/svg\"><path d=\"M160 448c-25.6 0-51.2-22.4-64-32-64-44.8-83.2-60.8-96-70.4V480c0 17.67 14.33 32 32 32h256c17.67 0 32-14.33 32-32V345.6c-12.8 9.6-32 25.6-96 70.4-12.8 9.6-38.4 32-64 32zm128-192H32c-17.67 0-32 14.33-32 32v16c25.6 19.2 22.4 19.2 115.2 86.4 9.6 6.4 28.8 25.6 44.8 25.6s35.2-19.2 44.8-22.4c92.8-67.2 89.6-67.2 115.2-86.4V288c0-17.67-14.33-32-32-32zm256-96H224c-17.67 0-32 14.33-32 32v32h96c33.21 0 60.59 25.42 63.71 57.82l.29-.22V416h192c17.67 0 32-14.33 32-32V192c0-17.67-14.33-32-32-32zm-32 128h-64v-64h64v64zm-352-96c0-35.29 28.71-64 64-64h224V32c0-17.67-14.33-32-32-32H96C78.33 0 64 14.33 64 32v192h96v-32z\"><\/path><\/svg>\t\t\t\t\t\t<\/span>\n\t\t\t\t\t\t\t\t\t\t<span class=\"elementor-icon-list-text\">contact@edfcanada.ca<\/span>\n\t\t\t\t\t\t\t\t\t<\/li>\n\t\t\t\t\t\t\t\t<li class=\"elementor-icon-list-item\">\n\t\t\t\t\t\t\t\t\t\t\t<span class=\"elementor-icon-list-icon\">\n\t\t\t\t\t\t\t<svg aria-hidden=\"true\" class=\"e-font-icon-svg e-fab-internet-explorer\" viewbox=\"0 0 512 512\" xmlns=\"http:\/\/www.w3.org\/2000\/svg\"><path d=\"M483.049 159.706c10.855-24.575 21.424-60.438 21.424-87.871 0-72.722-79.641-98.371-209.673-38.577-107.632-7.181-211.221 73.67-237.098 186.457 30.852-34.862 78.271-82.298 121.977-101.158C125.404 166.85 79.128 228.002 43.992 291.725 23.246 329.651 0 390.94 0 436.747c0 98.575 92.854 86.5 180.251 42.006 31.423 15.43 66.559 15.573 101.695 15.573 97.124 0 184.249-54.294 216.814-146.022H377.927c-52.509 88.593-196.819 52.996-196.819-47.436H509.9c6.407-43.581-1.655-95.715-26.851-141.162zM64.559 346.877c17.711 51.15 53.703 95.871 100.266 123.304-88.741 48.94-173.267 29.096-100.266-123.304zm115.977-108.873c2-55.151 50.276-94.871 103.98-94.871 53.418 0 101.981 39.72 103.981 94.871H180.536zm184.536-187.6c21.425-10.287 48.563-22.003 72.558-22.003 31.422 0 54.274 21.717 54.274 53.722 0 20.003-7.427 49.007-14.569 67.867-26.28-42.292-65.986-81.584-112.263-99.586z\"><\/path><\/svg>\t\t\t\t\t\t<\/span>\n\t\t\t\t\t\t\t\t\t\t<span class=\"elementor-icon-list-text\">www.edfcanada.ca<\/span>\n\t\t\t\t\t\t\t\t\t<\/li>\n\t\t\t\t\t\t<\/ul>\n\t\t\t\t\t\t<\/div>\n\t\t\t\t<\/div>\n\t\t\t\t<div class=\"elementor-element elementor-element-1cfd76f elementor-widget elementor-widget-image\" data-id=\"1cfd76f\" data-element_type=\"widget\" data-e-type=\"widget\" data-widget_type=\"image.default\">\n\t\t\t\t<div class=\"elementor-widget-container\">\n\t\t\t\t\t\t\t\t\t\t\t\t\t\t\t\t<a href=\"https:\/\/lempreintedupassant.com\/author\/moise-mudimbi-musa\/\">\n\t\t\t\t\t\t\t<img decoding=\"async\" width=\"1024\" height=\"933\" src=\"https:\/\/edfcanada.ca\/wp-content\/uploads\/2025\/04\/1744624704-1024x933.png\" class=\"attachment-large size-large wp-image-1419\" alt=\"Moise Mudimbi\" srcset=\"https:\/\/edfcanada.ca\/wp-content\/uploads\/2025\/04\/1744624704-1024x933.png 1024w, https:\/\/edfcanada.ca\/wp-content\/uploads\/2025\/04\/1744624704-300x273.png 300w, https:\/\/edfcanada.ca\/wp-content\/uploads\/2025\/04\/1744624704-768x699.png 768w, https:\/\/edfcanada.ca\/wp-content\/uploads\/2025\/04\/1744624704.png 1500w\" sizes=\"(max-width: 1024px) 100vw, 1024px\" \/>\t\t\t\t\t\t\t\t<\/a>\n\t\t\t\t\t\t\t\t\t\t\t\t\t\t\t<\/div>\n\t\t\t\t<\/div>\n\t\t\t\t\t<\/div>\n\t\t<\/div>\n\t\t\t\t\t<\/div>\n\t\t<\/section>\n\t\t\t\t\t<\/div>\n\t\t<\/div>\n\t\t\t\t\t<\/div>\n\t\t<\/section>\n\t\t<div class=\"elementor-element elementor-element-4ba014e7 e-flex e-con-boxed e-con e-parent\" data-id=\"4ba014e7\" data-element_type=\"container\" data-e-type=\"container\">\n\t\t\t\t\t<div class=\"e-con-inner\">\n\t\t\t\t<div class=\"elementor-element elementor-element-7e3fdd63 elementor-widget elementor-widget-spacer\" data-id=\"7e3fdd63\" data-element_type=\"widget\" data-e-type=\"widget\" data-widget_type=\"spacer.default\">\n\t\t\t\t<div class=\"elementor-widget-container\">\n\t\t\t\t\t\t\t<div class=\"elementor-spacer\">\n\t\t\t<div class=\"elementor-spacer-inner\"><\/div>\n\t\t<\/div>\n\t\t\t\t\t\t<\/div>\n\t\t\t\t<\/div>\n\t\t\t\t\t<\/div>\n\t\t\t\t<\/div>\n\t\t\t\t<\/div>","protected":false},"excerpt":{"rendered":"<p>Comprendre l\u2019aide psychosociale et psychologique Chez Espace Dialogue Familial (EDF), nous savons que les familles, particuli\u00e8rement celles issues de l&rsquo;immigration, peuvent vivre des bouleversements majeurs. Qu\u2019il s\u2019agisse de d\u00e9fis d\u2019int\u00e9gration, de stress familial ou de d\u00e9tresse \u00e9motionnelle, les besoins sont r\u00e9els et multiples. C\u2019est pourquoi EDF propose deux formes d\u2019accompagnement essentielles mais souvent confondues : [&hellip;]<\/p>\n","protected":false},"author":3,"featured_media":0,"parent":0,"menu_order":0,"comment_status":"closed","ping_status":"closed","template":"elementor_header_footer","meta":{"ocean_post_layout":"","ocean_both_sidebars_style":"","ocean_both_sidebars_content_width":0,"ocean_both_sidebars_sidebars_width":0,"ocean_sidebar":"","ocean_second_sidebar":"","ocean_disable_margins":"enable","ocean_add_body_class":"","ocean_shortcode_before_top_bar":"","ocean_shortcode_after_top_bar":"","ocean_shortcode_before_header":"","ocean_shortcode_after_header":"","ocean_has_shortcode":"","ocean_shortcode_after_title":"","ocean_shortcode_before_footer_widgets":"","ocean_shortcode_after_footer_widgets":"","ocean_shortcode_before_footer_bottom":"","ocean_shortcode_after_footer_bottom":"","ocean_display_top_bar":"default","ocean_display_header":"default","ocean_header_style":"","ocean_center_header_left_menu":"","ocean_custom_header_template":"","ocean_custom_logo":0,"ocean_custom_retina_logo":0,"ocean_custom_logo_max_width":0,"ocean_custom_logo_tablet_max_width":0,"ocean_custom_logo_mobile_max_width":0,"ocean_custom_logo_max_height":0,"ocean_custom_logo_tablet_max_height":0,"ocean_custom_logo_mobile_max_height":0,"ocean_header_custom_menu":"","ocean_menu_typo_font_family":"","ocean_menu_typo_font_subset":"","ocean_menu_typo_font_size":0,"ocean_menu_typo_font_size_tablet":0,"ocean_menu_typo_font_size_mobile":0,"ocean_menu_typo_font_size_unit":"px","ocean_menu_typo_font_weight":"","ocean_menu_typo_font_weight_tablet":"","ocean_menu_typo_font_weight_mobile":"","ocean_menu_typo_transform":"","ocean_menu_typo_transform_tablet":"","ocean_menu_typo_transform_mobile":"","ocean_menu_typo_line_height":0,"ocean_menu_typo_line_height_tablet":0,"ocean_menu_typo_line_height_mobile":0,"ocean_menu_typo_line_height_unit":"","ocean_menu_typo_spacing":0,"ocean_menu_typo_spacing_tablet":0,"ocean_menu_typo_spacing_mobile":0,"ocean_menu_typo_spacing_unit":"","ocean_menu_link_color":"","ocean_menu_link_color_hover":"","ocean_menu_link_color_active":"","ocean_menu_link_background":"","ocean_menu_link_hover_background":"","ocean_menu_link_active_background":"","ocean_menu_social_links_bg":"","ocean_menu_social_hover_links_bg":"","ocean_menu_social_links_color":"","ocean_menu_social_hover_links_color":"","ocean_disable_title":"default","ocean_disable_heading":"default","ocean_post_title":"","ocean_post_subheading":"","ocean_post_title_style":"","ocean_post_title_background_color":"","ocean_post_title_background":0,"ocean_post_title_bg_image_position":"","ocean_post_title_bg_image_attachment":"","ocean_post_title_bg_image_repeat":"","ocean_post_title_bg_image_size":"","ocean_post_title_height":0,"ocean_post_title_bg_overlay":0.5,"ocean_post_title_bg_overlay_color":"","ocean_disable_breadcrumbs":"default","ocean_breadcrumbs_color":"","ocean_breadcrumbs_separator_color":"","ocean_breadcrumbs_links_color":"","ocean_breadcrumbs_links_hover_color":"","ocean_display_footer_widgets":"default","ocean_display_footer_bottom":"default","ocean_custom_footer_template":"","osh_disable_topbar_sticky":"default","osh_disable_header_sticky":"default","osh_sticky_header_style":"default","osh_sticky_header_effect":"","osh_custom_sticky_logo":0,"osh_custom_retina_sticky_logo":0,"osh_custom_sticky_logo_height":0,"osh_background_color":"","osh_links_color":"","osh_links_hover_color":"","osh_links_active_color":"","osh_links_bg_color":"","osh_links_hover_bg_color":"","osh_links_active_bg_color":"","osh_menu_social_links_color":"","osh_menu_social_hover_links_color":"","footnotes":""},"class_list":["post-1705","page","type-page","status-publish","hentry","entry"],"_links":{"self":[{"href":"https:\/\/edfcanada.ca\/en\/wp-json\/wp\/v2\/pages\/1705","targetHints":{"allow":["GET"]}}],"collection":[{"href":"https:\/\/edfcanada.ca\/en\/wp-json\/wp\/v2\/pages"}],"about":[{"href":"https:\/\/edfcanada.ca\/en\/wp-json\/wp\/v2\/types\/page"}],"author":[{"embeddable":true,"href":"https:\/\/edfcanada.ca\/en\/wp-json\/wp\/v2\/users\/3"}],"replies":[{"embeddable":true,"href":"https:\/\/edfcanada.ca\/en\/wp-json\/wp\/v2\/comments?post=1705"}],"version-history":[{"count":10,"href":"https:\/\/edfcanada.ca\/en\/wp-json\/wp\/v2\/pages\/1705\/revisions"}],"predecessor-version":[{"id":1774,"href":"https:\/\/edfcanada.ca\/en\/wp-json\/wp\/v2\/pages\/1705\/revisions\/1774"}],"wp:attachment":[{"href":"https:\/\/edfcanada.ca\/en\/wp-json\/wp\/v2\/media?parent=1705"}],"curies":[{"name":"wp","href":"https:\/\/api.w.org\/{rel}","templated":true}]}}